{"id":3336,"date":"2023-12-12T08:48:17","date_gmt":"2023-12-12T05:48:17","guid":{"rendered":"https:\/\/yamer.eu\/en\/?page_id=3336"},"modified":"2024-02-12T15:20:48","modified_gmt":"2024-02-12T12:20:48","slug":"yamer","status":"publish","type":"page","link":"https:\/\/yamer.eu\/en\/","title":{"rendered":"Yamer"},"content":{"rendered":"<div id='layer_slider_1'  class='avia-layerslider main_color avia-shadow  avia-builder-el-0  el_before_av_section  avia-builder-el-first  container_wrap fullsize'  style='height: 1px;'  ><\/div>\n<div id='av_section_1'  class='avia-section av-lq1yabe2-f637e5759d90bc249c76495775abd0d2 main_color avia-section-no-padding avia-no-border-styling  avia-builder-el-1  el_after_av_layerslider  el_before_av_section  avia-bg-style-scroll container_wrap fullsize'  ><div class='container av-section-cont-open' ><div class='template-page content  av-content-full alpha units'><div class='post-entry post-entry-type-page post-entry-3336'><div class='entry-content-wrapper clearfix'>\n<div class='flex_column_table av-lq1yqguh-ee082a32c678a26c037257c6c3872351 sc-av_one_third av-equal-height-column-flextable'><div  id=\"yankutu\"  class='flex_column av-lq1yqguh-ee082a32c678a26c037257c6c3872351 av_one_third  avia-builder-el-2  el_before_av_one_third  avia-builder-el-first  yankutu yankutu first no_margin flex_column_table_cell av-equal-height-column av-align-top av-animated-generic bottom-to-top avia-link-column av-column-link  '    data-link-column-url=\"https:\/\/yamer.eu\/en\/olcu-aletleri\/\"   ><a class=\"av-screen-reader-only\" href=https:\/\/yamer.eu\/en\/olcu-aletleri\/ >Link to: \u00d6l\u00e7\u00fc Aletleri<\/a><style type=\"text\/css\" data-created_by=\"avia_inline_auto\" id=\"style-css-av-2h0qg-6624f72dae7a7ca57b5fb72b72817a0a\">\n#top .av-special-heading.av-2h0qg-6624f72dae7a7ca57b5fb72b72817a0a{\npadding-bottom:10px;\ncolor:#100839;\nfont-size:27px;\n}\nbody .av-special-heading.av-2h0qg-6624f72dae7a7ca57b5fb72b72817a0a .av-special-heading-tag .heading-char{\nfont-size:25px;\n}\n#top #wrap_all .av-special-heading.av-2h0qg-6624f72dae7a7ca57b5fb72b72817a0a .av-special-heading-tag{\nfont-size:27px;\n}\n.av-special-heading.av-2h0qg-6624f72dae7a7ca57b5fb72b72817a0a .special-heading-inner-border{\nborder-color:#100839;\n}\n.av-special-heading.av-2h0qg-6624f72dae7a7ca57b5fb72b72817a0a .av-subheading{\nfont-size:16px;\ncolor:#100839;\n}\n\n@media only screen and (min-width: 480px) and (max-width: 767px){ \n#top #wrap_all .av-special-heading.av-2h0qg-6624f72dae7a7ca57b5fb72b72817a0a .av-special-heading-tag{\nfont-size:0.8em;\n}\n}\n\n@media only screen and (max-width: 479px){ \n#top #wrap_all .av-special-heading.av-2h0qg-6624f72dae7a7ca57b5fb72b72817a0a .av-special-heading-tag{\nfont-size:0.8em;\n}\n}\n<\/style>\n<div  id=\"girisbaslik\"  class='av-special-heading av-2h0qg-6624f72dae7a7ca57b5fb72b72817a0a av-special-heading-h3 custom-color-heading blockquote modern-quote  avia-builder-el-3  avia-builder-el-no-sibling  girisbaslik girisbaslik av-inherit-size'><div class='av_custom_color av-subheading av-subheading_above'><p>For Industrial Products<\/p>\n<\/div><h3 class='av-special-heading-tag'  itemprop=\"headline\"  >Industrial Measuring Instruments<\/h3><div class=\"special-heading-border\"><div class=\"special-heading-inner-border\"><\/div><\/div><\/div><\/div><div  id=\"ortakutu\"  class='flex_column av-lq1ya43w-ea096052c78161b1bfc593f7710fd9b8 av_one_third  avia-builder-el-4  el_after_av_one_third  el_before_av_one_third  ortakutu ortakutu no_margin flex_column_table_cell av-equal-height-column av-align-top av-animated-generic bottom-to-top avia-link-column av-column-link  '    data-link-column-url=\"https:\/\/yamer.eu\/en\/dokumhane-malzemeleri\/\"   ><a class=\"av-screen-reader-only\" href=https:\/\/yamer.eu\/en\/dokumhane-malzemeleri\/ >Link to: D\u00f6k\u00fcmhane Malzemeleri<\/a><style type=\"text\/css\" data-created_by=\"avia_inline_auto\" id=\"style-css-av-lq1ybmfj-13cae281a5f43d544737d78c384cfd16\">\n#top .av-special-heading.av-lq1ybmfj-13cae281a5f43d544737d78c384cfd16{\npadding-bottom:10px;\ncolor:#ffffff;\nfont-size:27px;\n}\nbody .av-special-heading.av-lq1ybmfj-13cae281a5f43d544737d78c384cfd16 .av-special-heading-tag .heading-char{\nfont-size:25px;\n}\n#top #wrap_all .av-special-heading.av-lq1ybmfj-13cae281a5f43d544737d78c384cfd16 .av-special-heading-tag{\nfont-size:27px;\n}\n.av-special-heading.av-lq1ybmfj-13cae281a5f43d544737d78c384cfd16 .special-heading-inner-border{\nborder-color:#ffffff;\n}\n.av-special-heading.av-lq1ybmfj-13cae281a5f43d544737d78c384cfd16 .av-subheading{\nfont-size:16px;\ncolor:#ffffff;\n}\n\n@media only screen and (min-width: 480px) and (max-width: 767px){ \n#top #wrap_all .av-special-heading.av-lq1ybmfj-13cae281a5f43d544737d78c384cfd16 .av-special-heading-tag{\nfont-size:0.8em;\n}\n}\n\n@media only screen and (max-width: 479px){ \n#top #wrap_all .av-special-heading.av-lq1ybmfj-13cae281a5f43d544737d78c384cfd16 .av-special-heading-tag{\nfont-size:0.8em;\n}\n}\n<\/style>\n<div  id=\"girisbaslik\"  class='av-special-heading av-lq1ybmfj-13cae281a5f43d544737d78c384cfd16 av-special-heading-h3 custom-color-heading blockquote modern-quote  avia-builder-el-5  avia-builder-el-no-sibling  girisbaslik girisbaslik av-inherit-size'><div class='av_custom_color av-subheading av-subheading_above'><p>Casting Raw Materials and Materials<\/p>\n<\/div><h3 class='av-special-heading-tag'  itemprop=\"headline\"  >Foundry Materials<\/h3><div class=\"special-heading-border\"><div class=\"special-heading-inner-border\"><\/div><\/div><\/div><\/div><div  id=\"yankutu\"  class='flex_column av-408jl4-cc1e635ee872d17e1a9936d16f6857be av_one_third  avia-builder-el-6  el_after_av_one_third  avia-builder-el-last  yankutu yankutu no_margin flex_column_table_cell av-equal-height-column av-align-top av-animated-generic bottom-to-top avia-link-column av-column-link  '    data-link-column-url=\"https:\/\/www.yamer.com.tr\/sayfa\/kataloglarimiz\"  data-link-column-target=\"_blank\"   ><a class=\"av-screen-reader-only\" href=\"https:\/\/www.yamer.com.tr\/sayfa\/kataloglarimiz\" target=\"_blank\" rel=\"noopener\">Follow a manual added link<\/a><style type=\"text\/css\" data-created_by=\"avia_inline_auto\" id=\"style-css-av-23tu6g-bd29d57e3f24ad42fc0e30caac74dc1c\">\n#top .av-special-heading.av-23tu6g-bd29d57e3f24ad42fc0e30caac74dc1c{\npadding-bottom:10px;\ncolor:#100839;\nfont-size:27px;\n}\nbody .av-special-heading.av-23tu6g-bd29d57e3f24ad42fc0e30caac74dc1c .av-special-heading-tag .heading-char{\nfont-size:25px;\n}\n#top #wrap_all .av-special-heading.av-23tu6g-bd29d57e3f24ad42fc0e30caac74dc1c .av-special-heading-tag{\nfont-size:27px;\n}\n.av-special-heading.av-23tu6g-bd29d57e3f24ad42fc0e30caac74dc1c .special-heading-inner-border{\nborder-color:#100839;\n}\n.av-special-heading.av-23tu6g-bd29d57e3f24ad42fc0e30caac74dc1c .av-subheading{\nfont-size:16px;\ncolor:#100839;\n}\n\n@media only screen and (min-width: 480px) and (max-width: 767px){ \n#top #wrap_all .av-special-heading.av-23tu6g-bd29d57e3f24ad42fc0e30caac74dc1c .av-special-heading-tag{\nfont-size:0.8em;\n}\n}\n\n@media only screen and (max-width: 479px){ \n#top #wrap_all .av-special-heading.av-23tu6g-bd29d57e3f24ad42fc0e30caac74dc1c .av-special-heading-tag{\nfont-size:0.8em;\n}\n}\n<\/style>\n<div  id=\"girisbaslik\"  class='av-special-heading av-23tu6g-bd29d57e3f24ad42fc0e30caac74dc1c av-special-heading-h3 custom-color-heading blockquote modern-quote  avia-builder-el-7  avia-builder-el-no-sibling  girisbaslik girisbaslik av-inherit-size'><div class='av_custom_color av-subheading av-subheading_above'><p>Yamer Industrial Products<\/p>\n<\/div><h3 class='av-special-heading-tag'  itemprop=\"headline\"  >Our catalogs<\/h3><div class=\"special-heading-border\"><div class=\"special-heading-inner-border\"><\/div><\/div><\/div><\/div><\/div><!--close column table wrapper. Autoclose: 1 --><\/div><\/div><\/div><!-- close content main div --><\/div><\/div><div id='av_section_2'  class='avia-section av-6gvcew-c8ef6188bde1ecf0fb62427633d7f799 main_color avia-section-huge avia-no-border-styling  avia-builder-el-8  el_after_av_section  el_before_av_section  avia-bg-style-scroll container_wrap fullsize'  ><div class='container av-section-cont-open' ><div class='template-page content  av-content-full alpha units'><div class='post-entry post-entry-type-page post-entry-3336'><div class='entry-content-wrapper clearfix'>\n<div class='flex_column_table av-3tepa0-9d1ab2acc65db19bb087f44750c26225 sc-av_one_half av-equal-height-column-flextable'>\n<style type=\"text\/css\" data-created_by=\"avia_inline_auto\" id=\"style-css-av-3tepa0-9d1ab2acc65db19bb087f44750c26225\">\n.flex_column.av-3tepa0-9d1ab2acc65db19bb087f44750c26225{\nwidth:48.5%;\nmargin-left:0;\n}\n#top .flex_column_table.av-equal-height-column-flextable.av-3tepa0-9d1ab2acc65db19bb087f44750c26225 .av-flex-placeholder{\nwidth:3%;\n}\n<\/style>\n<div  id=\"usteal\"  class='flex_column av-3tepa0-9d1ab2acc65db19bb087f44750c26225 av_one_half  avia-builder-el-9  el_before_av_one_half  avia-builder-el-first  usteal usteal first flex_column_table_cell av-equal-height-column av-align-middle av-animated-generic bottom-to-top  '     ><p>\n<style type=\"text\/css\" data-created_by=\"avia_inline_auto\" id=\"style-css-av-2f7fjs-8abbbe055b4249f99f7bd173d10c458a\">\n#top .av-special-heading.av-2f7fjs-8abbbe055b4249f99f7bd173d10c458a{\npadding-bottom:10px;\ncolor:#100839;\nfont-size:54px;\n}\nbody .av-special-heading.av-2f7fjs-8abbbe055b4249f99f7bd173d10c458a .av-special-heading-tag .heading-char{\nfont-size:25px;\n}\n#top #wrap_all .av-special-heading.av-2f7fjs-8abbbe055b4249f99f7bd173d10c458a .av-special-heading-tag{\nfont-size:54px;\n}\n.av-special-heading.av-2f7fjs-8abbbe055b4249f99f7bd173d10c458a .special-heading-inner-border{\nborder-color:#100839;\n}\n.av-special-heading.av-2f7fjs-8abbbe055b4249f99f7bd173d10c458a .av-subheading{\nfont-size:19px;\ncolor:#100839;\n}\n\n@media only screen and (min-width: 480px) and (max-width: 767px){ \n#top #wrap_all .av-special-heading.av-2f7fjs-8abbbe055b4249f99f7bd173d10c458a .av-special-heading-tag{\nfont-size:0.8em;\n}\n}\n\n@media only screen and (max-width: 479px){ \n#top #wrap_all .av-special-heading.av-2f7fjs-8abbbe055b4249f99f7bd173d10c458a .av-special-heading-tag{\nfont-size:0.8em;\n}\n}\n<\/style>\n<div  id=\"firmabaslik\"  class='av-special-heading av-2f7fjs-8abbbe055b4249f99f7bd173d10c458a av-special-heading-h3 custom-color-heading blockquote modern-quote  avia-builder-el-10  el_before_av_textblock  avia-builder-el-first  firmabaslik firmabaslik av-inherit-size'><div class='av_custom_color av-subheading av-subheading_above'><p>Yamer Industrial Products<\/p>\n<\/div><h3 class='av-special-heading-tag'  itemprop=\"headline\"  >Our aim is to combine quality, convenience and the right price.<\/h3><div class=\"special-heading-border\"><div class=\"special-heading-inner-border\"><\/div><\/div><\/div><br \/>\n<section  class='av_textblock_section av-lq1zznqg-6695115560c350b1a866fd09f099004b '   itemscope=\"itemscope\" itemtype=\"https:\/\/schema.org\/CreativeWork\" ><div class='avia_textblock'  itemprop=\"text\" ><p><strong>Yamer Industrial Products Industry. and Tic. Ltd. Sti was established in May 2012. Our aim is to supply materials to our customers both at home and abroad by combining quality with affordable prices.<\/strong><\/p>\n<p>The main headings of the Quality Control Equipments that we offer under the Yamer brand are listed below. In the field of quality control, we are ready to meet the quality control demands of all our customers with a brand new understanding that adopts 100% customer satisfaction as a principle, with our sales, service and calibration laboratory that brings together more than 600 product types from stock.<\/p>\n<\/div><\/section><br \/>\n\n<style type=\"text\/css\" data-created_by=\"avia_inline_auto\" id=\"style-css-av-lq20kp3n-b4d6f60cb6c6712d7bca1a6446f2e52b\">\n#top .hr.hr-invisible.av-lq20kp3n-b4d6f60cb6c6712d7bca1a6446f2e52b{\nheight:50px;\n}\n<\/style>\n<div  class='hr av-lq20kp3n-b4d6f60cb6c6712d7bca1a6446f2e52b hr-invisible  avia-builder-el-12  el_after_av_textblock  el_before_av_codeblock '><span class='hr-inner '><span class=\"hr-inner-style\"><\/span><\/span><\/div><br \/>\n<\/p><\/div><div class='av-flex-placeholder'><\/div>\n<style type=\"text\/css\" data-created_by=\"avia_inline_auto\" id=\"style-css-av-35gv1k-0ca0c75d81fba372afdc6e70e2175108\">\n.flex_column.av-35gv1k-0ca0c75d81fba372afdc6e70e2175108{\nwidth:48.5%;\nmargin-left:0;\n}\n#top .flex_column_table.av-equal-height-column-flextable.av-35gv1k-0ca0c75d81fba372afdc6e70e2175108 .av-flex-placeholder{\nwidth:3%;\n}\n<\/style>\n<div  class='flex_column av-35gv1k-0ca0c75d81fba372afdc6e70e2175108 av_one_half flex_column_table_cell av-equal-height-column av-align-middle av-animated-generic bottom-to-top  '     ><p>\n<style type=\"text\/css\" data-created_by=\"avia_inline_auto\" id=\"style-css-av-lq20395h-eba0b3169227e17911b9b16e814a749c\">\n.avia-image-container.av-lq20395h-eba0b3169227e17911b9b16e814a749c img.avia_image{\nbox-shadow:none;\n}\n.avia-image-container.av-lq20395h-eba0b3169227e17911b9b16e814a749c .av-image-caption-overlay-center{\ncolor:#ffffff;\n}\n<\/style>\n<div  class='avia-image-container av-lq20395h-eba0b3169227e17911b9b16e814a749c av-styling-no-styling avia-align-center'   itemprop=\"image\" itemscope=\"itemscope\" itemtype=\"https:\/\/schema.org\/ImageObject\" ><div class=\"avia-image-container-inner\"><div class=\"avia-image-overlay-wrap\"><img decoding=\"async\" fetchpriority=\"high\" class='wp-image-3357 avia-img-lazy-loading-not-3357 avia_image ' src=\"https:\/\/yamer.eu\/en\/wp-content\/uploads\/2023\/12\/innovator.jpg\" alt='' title='innovator'  height=\"340\" width=\"532\"  itemprop=\"thumbnailUrl\" srcset=\"https:\/\/yamer.eu\/en\/wp-content\/uploads\/2023\/12\/innovator.jpg 532w, https:\/\/yamer.eu\/en\/wp-content\/uploads\/2023\/12\/innovator-300x192.jpg 300w\" sizes=\"(max-width: 532px) 100vw, 532px\" \/><\/div><\/div><\/div><br \/>\n\n<style type=\"text\/css\" data-created_by=\"avia_inline_auto\" id=\"style-css-av-lq203g6t-90413f2423bf2a91f11033cfeefb8676\">\n.avia-image-container.av-lq203g6t-90413f2423bf2a91f11033cfeefb8676 img.avia_image{\nbox-shadow:none;\n}\n.avia-image-container.av-lq203g6t-90413f2423bf2a91f11033cfeefb8676 .av-image-caption-overlay-center{\ncolor:#ffffff;\n}\n<\/style>\n<div  class='avia-image-container av-lq203g6t-90413f2423bf2a91f11033cfeefb8676 av-styling-no-styling avia-align-center'   itemprop=\"image\" itemscope=\"itemscope\" itemtype=\"https:\/\/schema.org\/ImageObject\" ><div class=\"avia-image-container-inner\"><div class=\"avia-image-overlay-wrap\"><img decoding=\"async\" fetchpriority=\"high\" class='wp-image-3358 avia-img-lazy-loading-not-3358 avia_image ' src=\"https:\/\/yamer.eu\/en\/wp-content\/uploads\/2023\/12\/innovator-1.jpg\" alt='' title='innovator-1'  height=\"345\" width=\"532\"  itemprop=\"thumbnailUrl\" srcset=\"https:\/\/yamer.eu\/en\/wp-content\/uploads\/2023\/12\/innovator-1.jpg 532w, https:\/\/yamer.eu\/en\/wp-content\/uploads\/2023\/12\/innovator-1-300x195.jpg 300w\" sizes=\"(max-width: 532px) 100vw, 532px\" \/><\/div><\/div><\/div><\/p><\/div><\/div><!--close column table wrapper. Autoclose: 1 --><\/div><\/div><\/div><!-- close content main div --><\/div><\/div>\n<style type=\"text\/css\" data-created_by=\"avia_inline_auto\" id=\"style-css-av-lq20v4q8-bd1f2b2553875f945e73836718059c24\">\n.avia-section.av-lq20v4q8-bd1f2b2553875f945e73836718059c24{\nbackground-repeat:no-repeat;\nbackground-image:url(https:\/\/yamer.eu\/en\/wp-content\/uploads\/2023\/12\/1-1.jpg);\nbackground-position:50% 50%;\nbackground-attachment:fixed;\n}\n<\/style>\n<div id='av_section_3'  class='avia-section av-lq20v4q8-bd1f2b2553875f945e73836718059c24 main_color avia-section-default avia-no-border-styling avia-full-stretch avia-bg-style-fixed av-minimum-height av-minimum-height-50 av-height-50  container_wrap fullsize'  data-section-bg-repeat='stretch' data-av_minimum_height_pc='50' data-av_min_height_opt='50'><div class='container av-section-cont-open' ><div class='template-page content  av-content-full alpha units'><div class='post-entry post-entry-type-page post-entry-3336'><div class='entry-content-wrapper clearfix'>\n<div class='flex_column_table av-3q3j5k-247739aaf7739df063dc954af36ab48a sc-av_one_half av-equal-height-column-flextable'><div  class='flex_column av-3q3j5k-247739aaf7739df063dc954af36ab48a av_one_half first flex_column_table_cell av-equal-height-column av-align-middle av-animated-generic left-to-right  '     ><style type=\"text\/css\" data-created_by=\"avia_inline_auto\" id=\"style-css-av-lq22amrq-bd8aea8cc4a6e2900fc1f1f491c21db1\">\n#top .av-special-heading.av-lq22amrq-bd8aea8cc4a6e2900fc1f1f491c21db1{\npadding-bottom:10px;\ncolor:#ffffff;\nfont-size:44px;\n}\nbody .av-special-heading.av-lq22amrq-bd8aea8cc4a6e2900fc1f1f491c21db1 .av-special-heading-tag .heading-char{\nfont-size:25px;\n}\n#top #wrap_all .av-special-heading.av-lq22amrq-bd8aea8cc4a6e2900fc1f1f491c21db1 .av-special-heading-tag{\nfont-size:44px;\n}\n.av-special-heading.av-lq22amrq-bd8aea8cc4a6e2900fc1f1f491c21db1 .special-heading-inner-border{\nborder-color:#ffffff;\n}\n.av-special-heading.av-lq22amrq-bd8aea8cc4a6e2900fc1f1f491c21db1 .av-subheading{\nfont-size:27px;\n}\n\n@media only screen and (min-width: 480px) and (max-width: 767px){ \n#top #wrap_all .av-special-heading.av-lq22amrq-bd8aea8cc4a6e2900fc1f1f491c21db1 .av-special-heading-tag{\nfont-size:0.8em;\n}\n}\n\n@media only screen and (max-width: 479px){ \n#top #wrap_all .av-special-heading.av-lq22amrq-bd8aea8cc4a6e2900fc1f1f491c21db1 .av-special-heading-tag{\nfont-size:0.8em;\n}\n}\n<\/style>\n<div  id=\"videobaslik\"  class='av-special-heading av-lq22amrq-bd8aea8cc4a6e2900fc1f1f491c21db1 av-special-heading-h3 custom-color-heading blockquote modern-quote  videobaslik videobaslik av-inherit-size'><h3 class='av-special-heading-tag'  itemprop=\"headline\"  >We produce positive results from constantly growing Industrial production facilities.<\/h3><div class=\"special-heading-border\"><div class=\"special-heading-inner-border\"><\/div><\/div><\/div><\/div><\/div><!--close column table wrapper. Autoclose: 1 --><div class='flex_column_table av-3a3tug-ad4f60e3037bc231c8d94bb0832b94d7 sc-av_one_half av-equal-height-column-flextable'><div class='av-flex-placeholder'><\/div><div  class='flex_column av-3a3tug-ad4f60e3037bc231c8d94bb0832b94d7 av_one_half flex_column_table_cell av-equal-height-column av-align-middle av-animated-generic right-to-left  '     ><\/div><\/div><!--close column table wrapper. Autoclose: 1 -->\n<\/p>\n","protected":false},"excerpt":{"rendered":"","protected":false},"author":1,"featured_media":0,"parent":0,"menu_order":0,"comment_status":"closed","ping_status":"closed","template":"","meta":{"footnotes":""},"class_list":["post-3336","page","type-page","status-publish","hentry"],"_links":{"self":[{"href":"https:\/\/yamer.eu\/en\/wp-json\/wp\/v2\/pages\/3336","targetHints":{"allow":["GET"]}}],"collection":[{"href":"https:\/\/yamer.eu\/en\/wp-json\/wp\/v2\/pages"}],"about":[{"href":"https:\/\/yamer.eu\/en\/wp-json\/wp\/v2\/types\/page"}],"author":[{"embeddable":true,"href":"https:\/\/yamer.eu\/en\/wp-json\/wp\/v2\/users\/1"}],"replies":[{"embeddable":true,"href":"https:\/\/yamer.eu\/en\/wp-json\/wp\/v2\/comments?post=3336"}],"version-history":[{"count":135,"href":"https:\/\/yamer.eu\/en\/wp-json\/wp\/v2\/pages\/3336\/revisions"}],"predecessor-version":[{"id":3874,"href":"https:\/\/yamer.eu\/en\/wp-json\/wp\/v2\/pages\/3336\/revisions\/3874"}],"wp:attachment":[{"href":"https:\/\/yamer.eu\/en\/wp-json\/wp\/v2\/media?parent=3336"}],"curies":[{"name":"wp","href":"https:\/\/api.w.org\/{rel}","templated":true}]}}